{"id":47,"date":"2020-01-16T07:47:20","date_gmt":"2020-01-16T07:47:20","guid":{"rendered":"http:\/\/bsd-test.bsd-bern.ch\/?page_id=47"},"modified":"2021-06-02T06:24:48","modified_gmt":"2021-06-02T06:24:48","slug":"startseite__trashed","status":"publish","type":"page","link":"https:\/\/bsd-test.bsd-bern.ch\/","title":{"rendered":"Startseite"},"content":{"rendered":"\n<p>Melodi\u00f6se Pianokl\u00e4nge der 70er bis 90er Jahre wechseln mit jazzigen, klassischen und meditativen Improvisationen.. Zum Geniessen, mit viel Schwung oder nur als Hintergrund. Ein Mix aus Elton John, Bee Gees, Carpenters, Beatles und vielen anderen. Passend zu Vernissagen, als Dinner- oder Barmusik. H\u00f6ren Sie doch gleich mal rein! Vielleicht ist es genau das, was Sie suchen. Gerne ber\u00fccksichtige ich Ihre ganz individuellen W\u00fcnsche! <\/p>\n","protected":false},"excerpt":{"rendered":"<p>Melodi\u00f6se Pianokl\u00e4nge der 70er bis 90er Jahre wechseln mit jazzigen, klassischen und meditativen Improvisationen.. Zum Geniessen, mit viel Schwung oder nur als Hintergrund. Ein Mix aus Elton John, Bee Gees, Carpenters, Beatles und vielen anderen. Passend zu Vernissagen, als Dinner- oder Barmusik. H\u00f6ren Sie doch gleich mal rein! Vielleicht ist es genau das, was Sie [&hellip;]<\/p>\n","protected":false},"author":1,"featured_media":0,"parent":0,"menu_order":0,"comment_status":"closed","ping_status":"closed","template":"","meta":{"footnotes":""},"_links":{"self":[{"href":"https:\/\/bsd-test.bsd-bern.ch\/index.php\/wp-json\/wp\/v2\/pages\/47"}],"collection":[{"href":"https:\/\/bsd-test.bsd-bern.ch\/index.php\/wp-json\/wp\/v2\/pages"}],"about":[{"href":"https:\/\/bsd-test.bsd-bern.ch\/index.php\/wp-json\/wp\/v2\/types\/page"}],"author":[{"embeddable":true,"href":"https:\/\/bsd-test.bsd-bern.ch\/index.php\/wp-json\/wp\/v2\/users\/1"}],"replies":[{"embeddable":true,"href":"https:\/\/bsd-test.bsd-bern.ch\/index.php\/wp-json\/wp\/v2\/comments?post=47"}],"version-history":[{"count":9,"href":"https:\/\/bsd-test.bsd-bern.ch\/index.php\/wp-json\/wp\/v2\/pages\/47\/revisions"}],"predecessor-version":[{"id":231,"href":"https:\/\/bsd-test.bsd-bern.ch\/index.php\/wp-json\/wp\/v2\/pages\/47\/revisions\/231"}],"wp:attachment":[{"href":"https:\/\/bsd-test.bsd-bern.ch\/index.php\/wp-json\/wp\/v2\/media?parent=47"}],"curies":[{"name":"wp","href":"https:\/\/api.w.org\/{rel}","templated":true}]}}